{"id":43,"date":"2020-05-14T13:33:07","date_gmt":"2020-05-14T13:33:07","guid":{"rendered":"https:\/\/brasserie.schwitzers.com\/warenkorb\/"},"modified":"2025-11-20T16:02:50","modified_gmt":"2025-11-20T15:02:50","slug":"warenkorb","status":"publish","type":"page","link":"https:\/\/sensorik-germany.de\/shop\/warenkorb\/","title":{"rendered":"Warenkorb"},"content":{"rendered":"\t\t<div data-elementor-type=\"wp-page\" data-elementor-id=\"43\" class=\"elementor elementor-43\" data-elementor-post-type=\"page\">\n\t\t\t\t\t\t<section class=\"elementor-section elementor-top-section elementor-element elementor-element-7a1bfdb2 elementor-section-height-min-height elementor-section-items-top elementor-section-boxed elementor-section-height-default\" data-id=\"7a1bfdb2\" data-element_type=\"section\" data-settings=\"{&quot;background_background&quot;:&quot;classic&quot;}\">\n\t\t\t\t\t\t<div class=\"elementor-container elementor-column-gap-no\">\n\t\t\t\t\t<div class=\"elementor-column elementor-col-100 elementor-top-column elementor-element elementor-element-203ba4e7\" data-id=\"203ba4e7\" data-element_type=\"column\" data-settings=\"{&quot;background_background&quot;:&quot;classic&quot;}\">\n\t\t\t<div class=\"elementor-widget-wrap elementor-element-populated\">\n\t\t\t\t\t\t<div class=\"elementor-element elementor-element-2407d88 elementor-widget elementor-widget-heading\" data-id=\"2407d88\" data-element_type=\"widget\" data-widget_type=\"heading.default\">\n\t\t\t\t<div class=\"elementor-widget-container\">\n\t\t\t\t\t<h2 class=\"elementor-heading-title elementor-size-default\">Warenkorb<\/h2>\t\t\t\t<\/div>\n\t\t\t\t<\/div>\n\t\t\t\t\t<\/div>\n\t\t<\/div>\n\t\t\t\t\t<\/div>\n\t\t<\/section>\n\t\t\t\t<\/div>\n\t\t","protected":false},"excerpt":{"rendered":"<p>Warenkorb Artikel entfernen Vorschaubild Produkt Preis Anzahl Zwischensumme &times; SENSORIK Himbeergeist Lieferzeit: 3-5 Tage 69,90&nbsp;&euro; SENSORIK Himbeergeist Menge 69,90&nbsp;&euro; Warenkorb aktualisieren Gutschein anwenden Warenkorb Summe Zwischensumme 69,90&nbsp;&euro; Versand Versandkostenpauschale: 6,99&nbsp;&euro; Versandoptionen werden w\u00e4hrend des Bezahlvorgangs aktualisiert. Gesamtsumme 76,89&nbsp;&euro; (beinhaltet 12,28&nbsp;&euro; MwSt. 19 % DE; Sch\u00e4tzwert f\u00fcr Deutschland) inkl. 19 % MwSt. 12,28&nbsp;&euro; Zur Kasse<\/p>\n","protected":false},"author":3,"featured_media":0,"parent":0,"menu_order":0,"comment_status":"closed","ping_status":"closed","template":"elementor_header_footer","meta":{"_acf_changed":false,"footnotes":""},"class_list":["post-43","page","type-page","status-publish","hentry"],"acf":[],"_links":{"self":[{"href":"https:\/\/sensorik-germany.de\/shop\/wp-json\/wp\/v2\/pages\/43","targetHints":{"allow":["GET"]}}],"collection":[{"href":"https:\/\/sensorik-germany.de\/shop\/wp-json\/wp\/v2\/pages"}],"about":[{"href":"https:\/\/sensorik-germany.de\/shop\/wp-json\/wp\/v2\/types\/page"}],"author":[{"embeddable":true,"href":"https:\/\/sensorik-germany.de\/shop\/wp-json\/wp\/v2\/users\/3"}],"replies":[{"embeddable":true,"href":"https:\/\/sensorik-germany.de\/shop\/wp-json\/wp\/v2\/comments?post=43"}],"version-history":[{"count":64,"href":"https:\/\/sensorik-germany.de\/shop\/wp-json\/wp\/v2\/pages\/43\/revisions"}],"predecessor-version":[{"id":2140,"href":"https:\/\/sensorik-germany.de\/shop\/wp-json\/wp\/v2\/pages\/43\/revisions\/2140"}],"wp:attachment":[{"href":"https:\/\/sensorik-germany.de\/shop\/wp-json\/wp\/v2\/media?parent=43"}],"curies":[{"name":"wp","href":"https:\/\/api.w.org\/{rel}","templated":true}]}}