{"id":2114,"date":"2025-07-25T11:46:48","date_gmt":"2025-07-25T09:46:48","guid":{"rendered":"https:\/\/sensorik-germany.de\/shop\/?page_id=2114"},"modified":"2025-07-25T11:47:27","modified_gmt":"2025-07-25T09:47:27","slug":"barrierefreiheitserklaerung","status":"publish","type":"page","link":"https:\/\/sensorik-germany.de\/shop\/barrierefreiheitserklaerung\/","title":{"rendered":"Barrierefreiheitserkl\u00e4rung"},"content":{"rendered":"\t\t<div data-elementor-type=\"wp-page\" data-elementor-id=\"2114\" class=\"elementor elementor-2114\" data-elementor-post-type=\"page\">\n\t\t\t\t\t\t<section class=\"elementor-section elementor-top-section elementor-element elementor-element-a48f63f elementor-section-boxed elementor-section-height-default elementor-section-height-default\" data-id=\"a48f63f\" data-element_type=\"section\">\n\t\t\t\t\t\t<div class=\"elementor-container elementor-column-gap-default\">\n\t\t\t\t\t<div class=\"elementor-column elementor-col-100 elementor-top-column elementor-element elementor-element-47d3112\" data-id=\"47d3112\" data-element_type=\"column\">\n\t\t\t<div class=\"elementor-widget-wrap elementor-element-populated\">\n\t\t\t\t\t\t<div class=\"elementor-element elementor-element-e7b579b elementor-widget elementor-widget-text-editor\" data-id=\"e7b579b\" data-element_type=\"widget\" data-widget_type=\"text-editor.default\">\n\t\t\t\t<div class=\"elementor-widget-container\">\n\t\t\t\t\t\t\t\t\t<div class=\"elementor-element elementor-widget elementor-widget-text-editor\"><h2><strong>Barrierefreiheitserkl\u00e4rung<\/strong><\/h2><h3>Anbieter:<\/h3><p>Felix und Fabian Daferner GbR<br \/>W\u00f6ssingerstra\u00dfe 13a<br \/>76327 Pfinztal<br \/>Telefon: <a href=\"tel:+4915111628156\">0151-11628156<\/a><br \/>E-Mail: <a href=\"mailto:info@sensorik-germany.de\">info@sensorik-germany.de<\/a><br \/>Webseite: <a href=\"https:\/\/sensorik-germany.de\" target=\"_blank\" rel=\"noopener noreferrer\">www.sensorik-germany.de<\/a><\/p><h3>Einleitung<\/h3><p>Die Sensorik Germany Website und der Online-Shop unter <strong>https:\/\/sensorik-germany.de<\/strong> sowie <strong>https:\/\/sensorik-germany.de\/shop<\/strong> sollen im Einklang mit dem Barrierefreiheitsst\u00e4rkungsgesetz (BFSG) m\u00f6glichst barrierefrei zug\u00e4nglich sein.<\/p><h3>Stand der Barrierefreiheit<\/h3><p>Diese Website ist <strong>gr\u00f6\u00dftenteils barrierefrei<\/strong> und entspricht in weiten Teilen den Anforderungen der EN 301 549, auf die das BFSG Bezug nimmt.<\/p><h3>Barrierefreie Bereiche:<\/h3><ul><li>Formulare und Buttons sind mit <code>aria-label<\/code>-Attributen versehen<\/li><li>Alle Bilder beinhalten beschreibende <code>alt<\/code>-Attribute<\/li><li>Wichtige Inhalte sind f\u00fcr Screenreader zug\u00e4nglich<\/li><\/ul><h3>Derzeit nicht barrierefreie Inhalte:<\/h3><ul><li>Eine vollst\u00e4ndige Tastaturnavigation ist derzeit nicht auf allen Seiten garantiert<\/li><\/ul><h3>Kontakt und Feedback<\/h3><p>Wenn Ihnen Barrieren auf unserer Website auffallen oder Sie Unterst\u00fctzung ben\u00f6tigen, kontaktieren Sie uns gerne:<\/p><ul><li><strong>E-Mail:<\/strong> <a href=\"mailto:info@sensorik-germany.de\">info@sensorik-germany.de<\/a><\/li><li><strong>Telefon:<\/strong> <a href=\"tel:+4915111628156\">0151-11628156<\/a><\/li><\/ul><h3>Durchsetzungsverfahren<\/h3><p>Wenn Sie keine zufriedenstellende Antwort auf Ihre Anfrage zur Barrierefreiheit erhalten, k\u00f6nnen Sie sich an die zust\u00e4ndige Durchsetzungsstelle wenden:<\/p><p><strong>Schlichtungsstelle beim Landeszentrum Barrierefreiheit<\/strong><br \/><a href=\"https:\/\/barrierefreiheit-bw.de\/barrierefreiheitdurchsetzen\/schlichtungsstelle\" target=\"_blank\" rel=\"noopener noreferrer nofollow\" aria-label=\"Zur Seite der Durchsetzungsstelle f\u00fcr digitale Barrierefreiheit in Baden-W\u00fcrttemberg\">https:\/\/barrierefreiheit-bw.de<\/a><\/p><h3>Letzte Aktualisierung:<\/h3><p>25. Juli 2025<\/p><\/div>\t\t\t\t\t\t\t\t<\/div>\n\t\t\t\t<\/div>\n\t\t\t\t\t<\/div>\n\t\t<\/div>\n\t\t\t\t\t<\/div>\n\t\t<\/section>\n\t\t\t\t<\/div>\n\t\t","protected":false},"excerpt":{"rendered":"<p>Barrierefreiheitserkl\u00e4rung Anbieter: Felix und Fabian Daferner GbRW\u00f6ssingerstra\u00dfe 13a76327 PfinztalTelefon: 0151-11628156E-Mail: info@sensorik-germany.deWebseite: www.sensorik-germany.de Einleitung Die Sensorik Germany Website und der Online-Shop unter https:\/\/sensorik-germany.de sowie https:\/\/sensorik-germany.de\/shop sollen im Einklang mit dem Barrierefreiheitsst\u00e4rkungsgesetz (BFSG) m\u00f6glichst barrierefrei zug\u00e4nglich sein. Stand der Barrierefreiheit Diese Website ist gr\u00f6\u00dftenteils barrierefrei und entspricht in weiten Teilen den Anforderungen der EN 301 549, auf [&hellip;]<\/p>\n","protected":false},"author":14,"featured_media":0,"parent":0,"menu_order":0,"comment_status":"closed","ping_status":"closed","template":"","meta":{"_acf_changed":false,"footnotes":""},"class_list":["post-2114","page","type-page","status-publish","hentry"],"acf":[],"_links":{"self":[{"href":"https:\/\/sensorik-germany.de\/shop\/wp-json\/wp\/v2\/pages\/2114","targetHints":{"allow":["GET"]}}],"collection":[{"href":"https:\/\/sensorik-germany.de\/shop\/wp-json\/wp\/v2\/pages"}],"about":[{"href":"https:\/\/sensorik-germany.de\/shop\/wp-json\/wp\/v2\/types\/page"}],"author":[{"embeddable":true,"href":"https:\/\/sensorik-germany.de\/shop\/wp-json\/wp\/v2\/users\/14"}],"replies":[{"embeddable":true,"href":"https:\/\/sensorik-germany.de\/shop\/wp-json\/wp\/v2\/comments?post=2114"}],"version-history":[{"count":4,"href":"https:\/\/sensorik-germany.de\/shop\/wp-json\/wp\/v2\/pages\/2114\/revisions"}],"predecessor-version":[{"id":2119,"href":"https:\/\/sensorik-germany.de\/shop\/wp-json\/wp\/v2\/pages\/2114\/revisions\/2119"}],"wp:attachment":[{"href":"https:\/\/sensorik-germany.de\/shop\/wp-json\/wp\/v2\/media?parent=2114"}],"curies":[{"name":"wp","href":"https:\/\/api.w.org\/{rel}","templated":true}]}}